{"id":189,"date":"2025-10-15T08:38:45","date_gmt":"2025-10-15T08:38:45","guid":{"rendered":"https:\/\/virtual.autismuskongress-schweiz.ch\/aiuto-e-informazioni\/"},"modified":"2026-01-28T17:12:05","modified_gmt":"2026-01-28T17:12:05","slug":"aiuto-e-informazioni","status":"publish","type":"page","link":"https:\/\/virtual.autismuskongress-schweiz.ch\/it\/aiuto-e-informazioni\/","title":{"rendered":"Aiuto e informazioni"},"content":{"rendered":"<p>[et_pb_section fb_built=&#8221;1&#8243; _builder_version=&#8221;4.24.2&#8243; _module_preset=&#8221;default&#8221; da_disable_devices=&#8221;off|off|off&#8221; global_colors_info=&#8221;{}&#8221; da_is_popup=&#8221;off&#8221; da_exit_intent=&#8221;off&#8221; da_has_close=&#8221;on&#8221; da_alt_close=&#8221;off&#8221; da_dark_close=&#8221;off&#8221; da_not_modal=&#8221;on&#8221; da_is_singular=&#8221;off&#8221; da_with_loader=&#8221;off&#8221; da_has_shadow=&#8221;on&#8221;][et_pb_row _builder_version=&#8221;4.24.2&#8243; _module_preset=&#8221;default&#8221; global_colors_info=&#8221;{}&#8221;][et_pb_column type=&#8221;4_4&#8243; _builder_version=&#8221;4.24.2&#8243; _module_preset=&#8221;default&#8221; global_colors_info=&#8221;{}&#8221;][et_pb_text _builder_version=&#8221;4.24.2&#8243; _module_preset=&#8221;default&#8221; animation_style=&#8221;fade&#8221; global_colors_info=&#8221;{}&#8221;]<\/p>\n<h1>Aiuto e informazioni<\/h1>\n<p>[\/et_pb_text][\/et_pb_column][\/et_pb_row][et_pb_row _builder_version=&#8221;4.24.2&#8243; _module_preset=&#8221;default&#8221; animation_style=&#8221;fade&#8221; animation_direction=&#8221;bottom&#8221; global_colors_info=&#8221;{}&#8221;][et_pb_column type=&#8221;4_4&#8243; _builder_version=&#8221;4.24.2&#8243; _module_preset=&#8221;default&#8221; global_colors_info=&#8221;{}&#8221;][et_pb_accordion disabled_on=&#8221;off|off|off&#8221; _builder_version=&#8221;4.27.4&#8243; _module_preset=&#8221;default&#8221; hover_enabled=&#8221;0&#8243; global_colors_info=&#8221;{}&#8221; sticky_enabled=&#8221;0&#8243;][et_pb_accordion_item title=&#8221;Utilizzo delle presentazioni e dei materiali&#8221; _builder_version=&#8221;4.27.4&#8243; _module_preset=&#8221;default&#8221; hover_enabled=&#8221;0&#8243; global_colors_info=&#8221;{}&#8221; open=&#8221;on&#8221; sticky_enabled=&#8221;0&#8243;]<\/p>\n<p>Le presentazioni e i materiali disponibili sulla piattaforma On-Demand sono destinati esclusivamente all\u2019uso personale dei partecipanti. <strong>Non \u00e8 consentita la trasmissione a terzi n\u00e9 la pubblicazione (ad esempio su siti web o sui social media).<\/strong><\/p>\n<p>[\/et_pb_accordion_item][et_pb_accordion_item title=&#8221;Quanti crediti di formazione continua ricever\u00f2?&#8221; _builder_version=&#8221;4.27.4&#8243; _module_preset=&#8221;default&#8221; global_colors_info=&#8221;{}&#8221; open=&#8221;on&#8221;]<\/p>\n<p>Per la partecipazione a questo convegno specialistico riceverai:<\/p>\n<p><strong>SSP (Swiss Society of Paediatrics): <\/strong>10 crediti<strong><br \/><\/strong><\/p>\n<p><strong>SGKJPP (Schweizerische Gesellschaft f\u00fcr Kinder- und Jugendpsychiatrie und -Psychotherapie) : <\/strong>9 crediti, i crediti della SGPP possono essere riconosciuti come formazione continua avanzata. <strong><br \/><\/strong><\/p>\n<p><strong>SIM (Swiss Insurance Medicine): <\/strong>3.5 crediti <\/p>\n<p>[\/et_pb_accordion_item][et_pb_accordion_item title=&#8221;Quando\/Come ricever\u00f2 la conferma di partecipazione?&#8221; _builder_version=&#8221;4.25.1&#8243; _module_preset=&#8221;default&#8221; global_colors_info=&#8221;{}&#8221; open=&#8221;off&#8221;]<\/p>\n<p>La tua conferma di partecipazione ti verr\u00e0 inviata via e-mail dopo il congresso. Questo vale per ogni tipo di partecipazione, sia in presenza, virtuale o on demand. <\/p>\n<p>[\/et_pb_accordion_item][et_pb_accordion_item title=&#8221;Dove trovo supporto tecnico?&#8221; _builder_version=&#8221;4.27.4&#8243; _module_preset=&#8221;default&#8221; global_colors_info=&#8221;{}&#8221; open=&#8221;off&#8221;]<\/p>\n<p>Il supporto tecnico lo trovi nella parte inferiore dello schermo. Clicca sul widget per aprire una finestra di chat, dove sarai collegato direttamente con una persona del supporto. <\/p>\n<p><img loading=\"lazy\" decoding=\"async\" src=\"https:\/\/virtual.autismuskongress-schweiz.ch\/wp-content\/uploads\/2025\/10\/ChatWidget.jpg\" width=\"106\" height=\"98\" alt=\"\" class=\"wp-image-338167 alignnone size-full\"><em>  (Widget nella parte inferiore dello schermo)<\/em><\/p>\n<p>&nbsp;<\/p>\n<p>Di solito riceverai una risposta entro pochi minuti, tuttavia, in caso di forte affluenza, potrebbe volerci un po&#8217; pi\u00f9 di tempo.<\/p>\n<p><strong>Fase VoD:<\/strong> Anche dopo il convegno specialistico potrai porre domande sulla piattaforma tramite questo widget di supporto.<\/p>\n<p>[\/et_pb_accordion_item][et_pb_accordion_item title=&#8221;Accesso al livestream&#8221; _builder_version=&#8221;4.27.4&#8243; _module_preset=&#8221;default&#8221; global_colors_info=&#8221;{}&#8221; open=&#8221;off&#8221;]<\/p>\n<p data-start=\"209\" data-end=\"385\">Se accedi alla piattaforma tramite il tuo Magic Link personale, di solito sei automaticamente loggato. Puoi verificarlo nella parte superiore destra dello schermo. <\/p>\n<p data-start=\"209\" data-end=\"385\"><img loading=\"lazy\" decoding=\"async\" src=\"https:\/\/virtual.autismuskongress-schweiz.ch\/wp-content\/uploads\/2025\/10\/AUT25.Eingeloggt-300x112.png\" width=\"212\" height=\"79\" alt=\"\" class=\"wp-image-87 alignnone size-medium\" srcset=\"https:\/\/virtual.autismuskongress-schweiz.ch\/wp-content\/uploads\/2025\/10\/AUT25.Eingeloggt-300x112.png 300w, https:\/\/virtual.autismuskongress-schweiz.ch\/wp-content\/uploads\/2025\/10\/AUT25.Eingeloggt.png 325w\" sizes=\"(max-width: 212px) 100vw, 212px\" \/><\/p>\n<p data-start=\"387\" data-end=\"528\">Se dovesse apparire il messaggio <em data-start=\"411\" data-end=\"439\">\u201cNon sei loggato\u201d<\/em>, apri di nuovo il Magic Link che hai ricevuto via e-mail.<\/p>\n<p data-start=\"387\" data-end=\"528\"><img loading=\"lazy\" decoding=\"async\" src=\"https:\/\/virtual.autismuskongress-schweiz.ch\/wp-content\/uploads\/2025\/10\/AUT25.NichtEingeloggt-300x92.png\" width=\"242\" height=\"74\" alt=\"\" class=\"wp-image-88 alignnone size-medium\" srcset=\"https:\/\/virtual.autismuskongress-schweiz.ch\/wp-content\/uploads\/2025\/10\/AUT25.NichtEingeloggt-300x92.png 300w, https:\/\/virtual.autismuskongress-schweiz.ch\/wp-content\/uploads\/2025\/10\/AUT25.NichtEingeloggt.png 407w\" sizes=\"(max-width: 242px) 100vw, 242px\" \/><\/p>\n<p data-start=\"530\" data-end=\"649\">Una volta che sei loggato, puoi accedere al livestream direttamente tramite la tessera corrispondente sulla homepage.<\/p>\n<p data-start=\"530\" data-end=\"649\"><img loading=\"lazy\" decoding=\"async\" src=\"https:\/\/virtual.autismuskongress-schweiz.ch\/wp-content\/uploads\/2025\/10\/AUT25.LivestreamKachel-300x184.png\" width=\"246\" height=\"151\" alt=\"\" class=\"wp-image-89 alignnone size-medium\" srcset=\"https:\/\/virtual.autismuskongress-schweiz.ch\/wp-content\/uploads\/2025\/10\/AUT25.LivestreamKachel-300x184.png 300w, https:\/\/virtual.autismuskongress-schweiz.ch\/wp-content\/uploads\/2025\/10\/AUT25.LivestreamKachel.png 475w\" sizes=\"(max-width: 246px) 100vw, 246px\" \/><\/p>\n<p>[\/et_pb_accordion_item][et_pb_accordion_item title=&#8221;Quale browser \u00e8 supportato?&#8221; _builder_version=&#8221;4.25.1&#8243; _module_preset=&#8221;default&#8221; global_colors_info=&#8221;{}&#8221; open=&#8221;off&#8221;]<\/p>\n<p>I seguenti browser supportano la riproduzione dei video di Vimeo:<\/p>\n<ul>\n<li>Chrome 60+ (aggiornamenti automatici)<\/li>\n<li>Firefox 60+ (aggiornamenti automatici)<\/li>\n<li>Microsoft Edge 79+ (aggiornamenti automatici)<\/li>\n<li>Safari 11+<\/li>\n<\/ul>\n<p>Tieni presente queste limitazioni:<\/p>\n<ul>\n<li>Firefox su Windows supporta i video H.264 solo da Windows 7 in poi.<\/li>\n<li>Safari 14+ \u00e8 l&#8217;unico browser che supporta Dolby Vision sui dispositivi MacOS\/iOS.<\/li>\n<\/ul>\n<p>Per scoprire la tua versione del browser puoi usare questo link: <a href=\"https:\/\/www.whatsmybrowser.org\/\" target=\"_blank\" rel=\"noopener\">https:\/\/www.whatsmybrowser.org\/<\/a><\/p>\n<p>In caso di dubbi, puoi sempre contattare il nostro supporto tecnico tramite l&#8217;icona nella parte inferiore sinistra dello schermo.<\/p>\n<p>[\/et_pb_accordion_item][et_pb_accordion_item title=&#8221;Lo streaming non \u00e8 fluido\/si blocca&#8221; _builder_version=&#8221;4.25.1&#8243; _module_preset=&#8221;default&#8221; global_colors_info=&#8221;{}&#8221; open=&#8221;off&#8221;]<\/p>\n<section class=\"article-info\">\n<div class=\"article-content\">\n<div class=\"article-body\">\n<div class=\"flex flex-grow flex-col max-w-full\">\n<div data-message-author-role=\"assistant\" data-message-id=\"2109033d-2e1a-4adc-9315-5f82f411a32e\" dir=\"auto\" class=\"min-h-[20px] text-message flex flex-col items-start whitespace-pre-wrap break-words [.text-message+&amp;]:mt-5 juice:w-full juice:items-end overflow-x-auto gap-2\">\n<div class=\"flex w-full flex-col gap-1 juice:empty:hidden juice:first:pt-[3px]\">\n<div class=\"markdown prose w-full break-words dark:prose-invert light\">\n<p>Per guardare video su Vimeo, hai bisogno di una velocit\u00e0 di download di almeno 500 kbps. Per una migliore qualit\u00e0, raccomandiamo 5 Mbps o pi\u00f9. \u00c8 preferibile utilizzare una connessione cablata anzich\u00e9 Wi-Fi o rete mobile.  <\/p>\n<p>Per testare la tua velocit\u00e0 di connessione, vai su <a rel=\"noreferrer noopener\" target=\"_new\" href=\"https:\/\/www.speedtest.net\/\">https:\/\/www.speedtest.net\/<\/a>. Esegui il test pi\u00f9 volte, poich\u00e9 la velocit\u00e0 pu\u00f2 variare. <\/p>\n<p>Maggiori informazioni sulla risoluzione dei problemi di riproduzione le trovi sotto \u201c<a href=\"https:\/\/help.vimeo.com\/hc\/de\/articles\/12425768654225\" target=\"_blank\" rel=\"noopener noreferrer\">Risoluzione dei problemi di qualit\u00e0 di riproduzione e di buffering<\/a>\u201d.<\/p>\n<\/div>\n<\/div>\n<\/div>\n<\/div>\n<div class=\"mt-1 flex gap-3 empty:hidden juice:-ml-3\">\n<div class=\"items-center justify-start rounded-xl p-1 flex\">\n<div class=\"flex items-center\">\n<div class=\"flex items-center pb-0.5 juice:pb-0\"><\/div>\n<\/div>\n<\/div>\n<\/div>\n<\/div>\n<\/div>\n<\/section>\n<footer><\/footer>\n<p>[\/et_pb_accordion_item][et_pb_accordion_item title=&#8221;Disponibilit\u00e0 dei video on demand&#8221; open=&#8221;off&#8221; _builder_version=&#8221;4.27.4&#8243; _module_preset=&#8221;default&#8221; global_colors_info=&#8221;{}&#8221;]<\/p>\n<p data-start=\"234\" data-end=\"540\">I video on demand, inclusi tutte le versioni tradotte, sono ora completamente disponibili sulla piattaforma. Tutti i contributi possono essere consultati e visualizzati nella lingua desiderata fino al<strong> 28 febbraio 2026<\/strong>.<\/p>\n<p>[\/et_pb_accordion_item][et_pb_accordion_item title=&#8221;Istruzioni per l\u2019utilizzo della piattaforma On-Demand&#8221; _builder_version=&#8221;4.27.4&#8243; _module_preset=&#8221;default&#8221; global_colors_info=&#8221;{}&#8221; open=&#8221;off&#8221;]<\/p>\n<p data-start=\"73\" data-end=\"270\">Qui trova le istruzioni per l\u2019utilizzo della piattaforma On-Demand. Le istruzioni la supportano nell\u2019accesso ai video, nel cambio della lingua e nella navigazione all\u2019interno della piattaforma.<\/p>\n<p data-start=\"272\" data-end=\"347\">Le istruzioni complete sono disponibili per il download in formato PDF.<\/p>\n<p data-start=\"349\" data-end=\"385\"><a href=\"https:\/\/virtual.autismuskongress-schweiz.ch\/wp-content\/uploads\/2025\/11\/251117.AUT25.TNM_.Fotostory-VOD-Instruktionen_FR.pdf\" target=\"_blank\" rel=\"noopener\"><strong>Istruzioni piattaforma On-Demand<\/strong><\/a><\/p>\n<p>[\/et_pb_accordion_item][\/et_pb_accordion][\/et_pb_column][\/et_pb_row][et_pb_row disabled_on=&#8221;on|on|on&#8221; _builder_version=&#8221;4.24.2&#8243; _module_preset=&#8221;default&#8221; animation_style=&#8221;fade&#8221; animation_direction=&#8221;bottom&#8221; disabled=&#8221;on&#8221; global_colors_info=&#8221;{}&#8221;][et_pb_column type=&#8221;4_4&#8243; _builder_version=&#8221;4.24.2&#8243; _module_preset=&#8221;default&#8221; global_colors_info=&#8221;{}&#8221;][et_pb_accordion disabled_on=&#8221;off|off|off&#8221; _builder_version=&#8221;4.27.4&#8243; _module_preset=&#8221;default&#8221; global_colors_info=&#8221;{}&#8221;][et_pb_accordion_item title=&#8221;Quanti crediti di formazione continua ricever\u00f2?&#8221; open=&#8221;on&#8221; _builder_version=&#8221;4.27.4&#8243; _module_preset=&#8221;default&#8221; global_colors_info=&#8221;{}&#8221;]<\/p>\n<p>Per la partecipazione a questo convegno specialistico riceverai:<\/p>\n<p><strong>SSP (Swiss Society of Paediatrics): <\/strong>10 crediti<strong><br \/><\/strong><\/p>\n<p><strong>SGKJPP (Schweizerische Gesellschaft f\u00fcr Kinder- und Jugendpsychiatrie und -Psychotherapie) : <\/strong>9 crediti, i crediti della SGPP possono essere riconosciuti come formazione continua avanzata. <strong><br \/><\/strong><\/p>\n<p><strong>SIM (Swiss Insurance Medicine): <\/strong>3.5 crediti <\/p>\n<p>[\/et_pb_accordion_item][et_pb_accordion_item title=&#8221;Quando\/Come ricever\u00f2 la conferma di partecipazione?&#8221; _builder_version=&#8221;4.25.1&#8243; _module_preset=&#8221;default&#8221; global_colors_info=&#8221;{}&#8221; open=&#8221;off&#8221;]<\/p>\n<p>La tua conferma di partecipazione ti verr\u00e0 inviata via e-mail dopo il congresso. Questo vale per ogni tipo di partecipazione, sia in presenza, virtuale o on demand. <\/p>\n<p>[\/et_pb_accordion_item][et_pb_accordion_item title=&#8221;Dove trovo supporto tecnico?&#8221; _builder_version=&#8221;4.27.4&#8243; _module_preset=&#8221;default&#8221; global_colors_info=&#8221;{}&#8221; open=&#8221;off&#8221;]<\/p>\n<p>Il supporto tecnico lo trovi nella parte inferiore dello schermo. Clicca sul widget per aprire una finestra di chat, dove sarai collegato direttamente con una persona del supporto. <\/p>\n<p><img loading=\"lazy\" decoding=\"async\" src=\"https:\/\/virtual.autismuskongress-schweiz.ch\/wp-content\/uploads\/2025\/10\/ChatWidget.jpg\" width=\"106\" height=\"98\" alt=\"\" class=\"wp-image-338167 alignnone size-full\"><em>  (Widget nella parte inferiore dello schermo)<\/em><\/p>\n<p>&nbsp;<\/p>\n<p>Di solito riceverai una risposta entro pochi minuti, tuttavia, in caso di forte affluenza, potrebbe volerci un po&#8217; pi\u00f9 di tempo.<\/p>\n<p><strong>Fase VoD:<\/strong> Anche dopo il convegno specialistico potrai porre domande sulla piattaforma tramite questo widget di supporto.<\/p>\n<p>[\/et_pb_accordion_item][et_pb_accordion_item title=&#8221;Accesso al livestream&#8221; _builder_version=&#8221;4.27.4&#8243; _module_preset=&#8221;default&#8221; global_colors_info=&#8221;{}&#8221; open=&#8221;off&#8221;]<\/p>\n<p data-start=\"209\" data-end=\"385\">Se accedi alla piattaforma tramite il tuo Magic Link personale, di solito sei automaticamente loggato. Puoi verificarlo nella parte superiore destra dello schermo. <\/p>\n<p data-start=\"209\" data-end=\"385\"><img loading=\"lazy\" decoding=\"async\" src=\"https:\/\/virtual.autismuskongress-schweiz.ch\/wp-content\/uploads\/2025\/10\/AUT25.Eingeloggt-300x112.png\" width=\"212\" height=\"79\" alt=\"\" class=\"wp-image-87 alignnone size-medium\" srcset=\"https:\/\/virtual.autismuskongress-schweiz.ch\/wp-content\/uploads\/2025\/10\/AUT25.Eingeloggt-300x112.png 300w, https:\/\/virtual.autismuskongress-schweiz.ch\/wp-content\/uploads\/2025\/10\/AUT25.Eingeloggt.png 325w\" sizes=\"(max-width: 212px) 100vw, 212px\" \/><\/p>\n<p data-start=\"387\" data-end=\"528\">Se dovesse apparire il messaggio <em data-start=\"411\" data-end=\"439\">\u201cNon sei loggato\u201d<\/em>, apri di nuovo il Magic Link che hai ricevuto via e-mail.<\/p>\n<p data-start=\"387\" data-end=\"528\"><img loading=\"lazy\" decoding=\"async\" src=\"https:\/\/virtual.autismuskongress-schweiz.ch\/wp-content\/uploads\/2025\/10\/AUT25.NichtEingeloggt-300x92.png\" width=\"242\" height=\"74\" alt=\"\" class=\"wp-image-88 alignnone size-medium\" srcset=\"https:\/\/virtual.autismuskongress-schweiz.ch\/wp-content\/uploads\/2025\/10\/AUT25.NichtEingeloggt-300x92.png 300w, https:\/\/virtual.autismuskongress-schweiz.ch\/wp-content\/uploads\/2025\/10\/AUT25.NichtEingeloggt.png 407w\" sizes=\"(max-width: 242px) 100vw, 242px\" \/><\/p>\n<p data-start=\"530\" data-end=\"649\">Una volta che sei loggato, puoi accedere al livestream direttamente tramite la tessera corrispondente sulla homepage.<\/p>\n<p data-start=\"530\" data-end=\"649\"><img loading=\"lazy\" decoding=\"async\" src=\"https:\/\/virtual.autismuskongress-schweiz.ch\/wp-content\/uploads\/2025\/10\/AUT25.LivestreamKachel-300x184.png\" width=\"246\" height=\"151\" alt=\"\" class=\"wp-image-89 alignnone size-medium\" srcset=\"https:\/\/virtual.autismuskongress-schweiz.ch\/wp-content\/uploads\/2025\/10\/AUT25.LivestreamKachel-300x184.png 300w, https:\/\/virtual.autismuskongress-schweiz.ch\/wp-content\/uploads\/2025\/10\/AUT25.LivestreamKachel.png 475w\" sizes=\"(max-width: 246px) 100vw, 246px\" \/><\/p>\n<p>[\/et_pb_accordion_item][et_pb_accordion_item title=&#8221;Come posso porre domande online ai relatori?&#8221; _builder_version=&#8221;4.27.4&#8243; _module_preset=&#8221;default&#8221; global_colors_info=&#8221;{}&#8221; open=&#8221;off&#8221;]<\/p>\n<p>Le tue domande puoi porle direttamente sotto il livestream ai relatori.<\/p>\n<p><img loading=\"lazy\" decoding=\"async\" src=\"https:\/\/virtual.autismuskongress-schweiz.ch\/wp-content\/uploads\/2025\/10\/QA-1024x427-1.jpg\" width=\"365\" height=\"152\" alt=\"\" class=\"wp-image-338169 alignnone size-large\" style=\"display: block; margin-left: auto; margin-right: auto;\"><\/p>\n<p>&nbsp;<\/p>\n<p>Hai la possibilit\u00e0 di scegliere se porre la domanda a tuo nome o in forma anonima. Una volta inviata la tua domanda, verr\u00e0 raccolta dalla moderazione e, se necessario, tradotta. <\/p>\n<p><em><strong>Le domande poste non sono visibili agli altri partecipanti.<\/strong><\/em><\/p>\n<p>[\/et_pb_accordion_item][et_pb_accordion_item title=&#8221;Quale browser \u00e8 supportato?&#8221; _builder_version=&#8221;4.25.1&#8243; _module_preset=&#8221;default&#8221; global_colors_info=&#8221;{}&#8221; open=&#8221;off&#8221;]<\/p>\n<p>I seguenti browser supportano la riproduzione dei video di Vimeo:<\/p>\n<ul>\n<li>Chrome 60+ (aggiornamenti automatici)<\/li>\n<li>Firefox 60+ (aggiornamenti automatici)<\/li>\n<li>Microsoft Edge 79+ (aggiornamenti automatici)<\/li>\n<li>Safari 11+<\/li>\n<\/ul>\n<p>Tieni presente queste limitazioni:<\/p>\n<ul>\n<li>Firefox su Windows supporta i video H.264 solo da Windows 7 in poi.<\/li>\n<li>Safari 14+ \u00e8 l&#8217;unico browser che supporta Dolby Vision sui dispositivi MacOS\/iOS.<\/li>\n<\/ul>\n<p>Per scoprire la tua versione del browser puoi usare questo link: <a href=\"https:\/\/www.whatsmybrowser.org\/\" target=\"_blank\" rel=\"noopener\">https:\/\/www.whatsmybrowser.org\/<\/a><\/p>\n<p>In caso di dubbi, puoi sempre contattare il nostro supporto tecnico tramite l&#8217;icona nella parte inferiore sinistra dello schermo.<\/p>\n<p>[\/et_pb_accordion_item][et_pb_accordion_item title=&#8221;Lo streaming non \u00e8 fluido\/si blocca&#8221; _builder_version=&#8221;4.25.1&#8243; _module_preset=&#8221;default&#8221; global_colors_info=&#8221;{}&#8221; open=&#8221;off&#8221;]<\/p>\n<section class=\"article-info\">\n<div class=\"article-content\">\n<div class=\"article-body\">\n<div class=\"flex flex-grow flex-col max-w-full\">\n<div data-message-author-role=\"assistant\" data-message-id=\"2109033d-2e1a-4adc-9315-5f82f411a32e\" dir=\"auto\" class=\"min-h-[20px] text-message flex flex-col items-start whitespace-pre-wrap break-words [.text-message+&amp;]:mt-5 juice:w-full juice:items-end overflow-x-auto gap-2\">\n<div class=\"flex w-full flex-col gap-1 juice:empty:hidden juice:first:pt-[3px]\">\n<div class=\"markdown prose w-full break-words dark:prose-invert light\">\n<p>Per guardare video su Vimeo, hai bisogno di una velocit\u00e0 di download di almeno 500 kbps. Per una migliore qualit\u00e0, raccomandiamo 5 Mbps o pi\u00f9. \u00c8 preferibile utilizzare una connessione cablata anzich\u00e9 Wi-Fi o rete mobile.  <\/p>\n<p>Per testare la tua velocit\u00e0 di connessione, vai su <a rel=\"noreferrer noopener\" target=\"_new\" href=\"https:\/\/www.speedtest.net\/\">https:\/\/www.speedtest.net\/<\/a>. Esegui il test pi\u00f9 volte, poich\u00e9 la velocit\u00e0 pu\u00f2 variare. <\/p>\n<p>Maggiori informazioni sulla risoluzione dei problemi di riproduzione le trovi sotto \u201c<a href=\"https:\/\/help.vimeo.com\/hc\/de\/articles\/12425768654225\" target=\"_blank\" rel=\"noopener noreferrer\">Risoluzione dei problemi di qualit\u00e0 di riproduzione e di buffering<\/a>\u201d.<\/p>\n<\/div>\n<\/div>\n<\/div>\n<\/div>\n<div class=\"mt-1 flex gap-3 empty:hidden juice:-ml-3\">\n<div class=\"items-center justify-start rounded-xl p-1 flex\">\n<div class=\"flex items-center\">\n<div class=\"flex items-center pb-0.5 juice:pb-0\"><\/div>\n<\/div>\n<\/div>\n<\/div>\n<\/div>\n<\/div>\n<\/section>\n<footer><\/footer>\n<p>[\/et_pb_accordion_item][et_pb_accordion_item title=&#8221;Disponibilit\u00e0 dei video on demand&#8221; _builder_version=&#8221;4.27.4&#8243; _module_preset=&#8221;default&#8221; global_colors_info=&#8221;{}&#8221; open=&#8221;off&#8221;]<\/p>\n<p data-start=\"234\" data-end=\"540\">I video on demand saranno disponibili provvisoriamente come registrazione completa subito dopo la fine del livestream.<br data-start=\"360\" data-end=\"363\">I singoli contributi \u2013 in particolare quelli dei blocchi elettivi \u2013 verranno tagliati e modificati dopo la conclusione del congresso e successivamente pubblicati sulla piattaforma.<\/p>\n<p data-start=\"542\" data-end=\"622\">Non appena i video elaborati saranno disponibili, sarai informato via e-mail.<\/p>\n<p>[\/et_pb_accordion_item][\/et_pb_accordion][\/et_pb_column][\/et_pb_row][\/et_pb_section]<\/p>\n","protected":false},"excerpt":{"rendered":"<p>Aiuto e informazioniLe presentazioni e i materiali disponibili sulla piattaforma On-Demand sono destinati esclusivamente all\u2019uso personale dei partecipanti. Non \u00e8 consentita la trasmissione a terzi n\u00e9 la pubblicazione (ad esempio su siti web o sui social media).Per la partecipazione a questo convegno specialistico riceverai: SSP (Swiss Society of Paediatrics): 10 crediti SGKJPP (Schweizerische Gesellschaft f\u00fcr [&hellip;]<\/p>\n","protected":false},"author":2,"featured_media":0,"parent":0,"menu_order":0,"comment_status":"closed","ping_status":"closed","template":"","meta":{"_et_pb_use_builder":"on","_et_pb_old_content":"","_et_gb_content_width":"","footnotes":""},"difl_page_category":[],"class_list":["post-189","page","type-page","status-publish","hentry"],"_hostinger_reach_plugin_has_subscription_block":false,"_hostinger_reach_plugin_is_elementor":false,"_links":{"self":[{"href":"https:\/\/virtual.autismuskongress-schweiz.ch\/it\/wp-json\/wp\/v2\/pages\/189","targetHints":{"allow":["GET"]}}],"collection":[{"href":"https:\/\/virtual.autismuskongress-schweiz.ch\/it\/wp-json\/wp\/v2\/pages"}],"about":[{"href":"https:\/\/virtual.autismuskongress-schweiz.ch\/it\/wp-json\/wp\/v2\/types\/page"}],"author":[{"embeddable":true,"href":"https:\/\/virtual.autismuskongress-schweiz.ch\/it\/wp-json\/wp\/v2\/users\/2"}],"replies":[{"embeddable":true,"href":"https:\/\/virtual.autismuskongress-schweiz.ch\/it\/wp-json\/wp\/v2\/comments?post=189"}],"version-history":[{"count":4,"href":"https:\/\/virtual.autismuskongress-schweiz.ch\/it\/wp-json\/wp\/v2\/pages\/189\/revisions"}],"predecessor-version":[{"id":923,"href":"https:\/\/virtual.autismuskongress-schweiz.ch\/it\/wp-json\/wp\/v2\/pages\/189\/revisions\/923"}],"wp:attachment":[{"href":"https:\/\/virtual.autismuskongress-schweiz.ch\/it\/wp-json\/wp\/v2\/media?parent=189"}],"wp:term":[{"taxonomy":"difl_page_category","embeddable":true,"href":"https:\/\/virtual.autismuskongress-schweiz.ch\/it\/wp-json\/wp\/v2\/difl_page_category?post=189"}],"curies":[{"name":"wp","href":"https:\/\/api.w.org\/{rel}","templated":true}]}}