{"id":494,"date":"2025-11-05T11:01:11","date_gmt":"2025-11-05T11:01:11","guid":{"rendered":"https:\/\/virtual.autismuskongress-schweiz.ch\/acces-refuse\/"},"modified":"2026-03-01T04:40:36","modified_gmt":"2026-03-01T04:40:36","slug":"acces-refuse","status":"publish","type":"page","link":"https:\/\/virtual.autismuskongress-schweiz.ch\/fr\/acces-refuse\/","title":{"rendered":"Acc\u00e8s refus\u00e9"},"content":{"rendered":"<p>[et_pb_section fb_built=\u00a0\u00bb1&Prime; custom_padding_last_edited=\u00a0\u00bbon|phone\u00a0\u00bb _builder_version=\u00a0\u00bb4.25.1&Prime; _module_preset=\u00a0\u00bbdefault\u00a0\u00bb background_color=\u00a0\u00bb#FFFFFF\u00a0\u00bb background_enable_image=\u00a0\u00bboff\u00a0\u00bb background_enable_video_mp4=\u00a0\u00bboff\u00a0\u00bb custom_padding=\u00a0\u00bb95px||110px|||\u00a0\u00bb custom_padding_tablet=\u00a0\u00bb95px||195px|||\u00a0\u00bb custom_padding_phone=\u00a0\u00bb37px||55px||false|false\u00a0\u00bb top_divider_height=\u00a0\u00bb56px\u00a0\u00bb da_disable_devices=\u00a0\u00bboff|off|off\u00a0\u00bb global_colors_info=\u00a0\u00bb{}\u00a0\u00bb da_is_popup=\u00a0\u00bboff\u00a0\u00bb da_exit_intent=\u00a0\u00bboff\u00a0\u00bb da_has_close=\u00a0\u00bbon\u00a0\u00bb da_alt_close=\u00a0\u00bboff\u00a0\u00bb da_dark_close=\u00a0\u00bboff\u00a0\u00bb da_not_modal=\u00a0\u00bbon\u00a0\u00bb da_is_singular=\u00a0\u00bboff\u00a0\u00bb da_with_loader=\u00a0\u00bboff\u00a0\u00bb da_has_shadow=\u00a0\u00bbon\u00a0\u00bb][et_pb_row _builder_version=\u00a0\u00bb4.24.2&Prime; _module_preset=\u00a0\u00bbdefault\u00a0\u00bb background_color=\u00a0\u00bb#FFFFFF\u00a0\u00bb custom_padding=\u00a0\u00bb0px||0px|||\u00a0\u00bb animation_style=\u00a0\u00bbzoom\u00a0\u00bb animation_delay=\u00a0\u00bb250ms\u00a0\u00bb box_shadow_style=\u00a0\u00bbpreset2&Prime; global_colors_info=\u00a0\u00bb{}\u00a0\u00bb][et_pb_column type=\u00a0\u00bb4_4&Prime; _builder_version=\u00a0\u00bb4.22.0&Prime; _module_preset=\u00a0\u00bbdefault\u00a0\u00bb global_colors_info=\u00a0\u00bb{}\u00a0\u00bb][et_pb_image src=\u00a0\u00bbhttps:\/\/virtual.autismuskongress-schweiz.ch\/wp-content\/uploads\/2025\/10\/241014.AUT25.Banner_DE_V5-scaled.png\u00a0\u00bb align_tablet=\u00a0\u00bbcenter\u00a0\u00bb align_phone=\u00a0\u00bbcenter\u00a0\u00bb align_last_edited=\u00a0\u00bbon|tablet\u00a0\u00bb _builder_version=\u00a0\u00bb4.27.4&Prime; _module_preset=\u00a0\u00bbdefault\u00a0\u00bb global_colors_info=\u00a0\u00bb{}\u00a0\u00bb][\/et_pb_image][\/et_pb_column][\/et_pb_row][et_pb_row _builder_version=\u00a0\u00bb4.24.2&Prime; _module_preset=\u00a0\u00bbdefault\u00a0\u00bb background_color=\u00a0\u00bb#ebebeb\u00a0\u00bb custom_margin=\u00a0\u00bb59px|auto||auto||\u00a0\u00bb custom_padding=\u00a0\u00bb40px|36px|40px|36px|false|false\u00a0\u00bb animation_style=\u00a0\u00bbzoom\u00a0\u00bb animation_direction=\u00a0\u00bbbottom\u00a0\u00bb animation_delay=\u00a0\u00bb850ms\u00a0\u00bb border_radii=\u00a0\u00bbon|3px|3px|3px|3px\u00a0\u00bb box_shadow_style=\u00a0\u00bbpreset1&Prime; global_colors_info=\u00a0\u00bb{}\u00a0\u00bb][et_pb_column type=\u00a0\u00bb4_4&Prime; _builder_version=\u00a0\u00bb4.22.0&Prime; _module_preset=\u00a0\u00bbdefault\u00a0\u00bb global_colors_info=\u00a0\u00bb{}\u00a0\u00bb][et_pb_text _builder_version=\u00a0\u00bb4.27.4&Prime; _module_preset=\u00a0\u00bbdefault\u00a0\u00bb header_text_align=\u00a0\u00bbcenter\u00a0\u00bb header_font_size=\u00a0\u00bb49px\u00a0\u00bb custom_margin=\u00a0\u00bb31px||80px|||\u00a0\u00bb global_colors_info=\u00a0\u00bb{}\u00a0\u00bb]<\/p>\n<h1>Pas d&rsquo;acc\u00e8s \u00e0 cette page<\/h1>\n<p>[\/et_pb_text][et_pb_text _builder_version=\u00a0\u00bb4.27.4&Prime; _module_preset=\u00a0\u00bbdefault\u00a0\u00bb hover_enabled=\u00a0\u00bb0&Prime; global_colors_info=\u00a0\u00bb{}\u00a0\u00bb sticky_enabled=\u00a0\u00bb0&Prime;]<\/p>\n<h4 data-start=\"259\" data-end=\"446\" style=\"text-align: left;\">Vous n\u2019avez actuellement <strong data-start=\"279\" data-end=\"297\">pas acc\u00e8s<\/strong> \u00e0 cette page.<\/h4>\n<p data-start=\"259\" data-end=\"446\" style=\"text-align: left;\"><br data-start=\"314\" data-end=\"317\" \/>Veuillez d\u2019abord v\u00e9rifier votre <strong data-start=\"350\" data-end=\"373\">confirmation de r\u00e9servation<\/strong> pour vous assurer d\u2019avoir r\u00e9serv\u00e9 le <strong data-start=\"406\" data-end=\"431\">jour de congr\u00e8s correct<\/strong>.<\/p>\n<h4 data-start=\"259\" data-end=\"446\" style=\"text-align: left;\">Remarque concernant la phase \u00e0 la demande<\/h4>\n<p data-start=\"240\" data-end=\"461\">La <strong data-start=\"244\" data-end=\"263\">phase \u00e0 la demande<\/strong> commence le <strong data-start=\"275\" data-end=\"296\">17 novembre 2025<\/strong>.<\/p>\n<p data-start=\"207\" data-end=\"484\">\u00c0 partir du <strong data-start=\"214\" data-end=\"235\">17 novembre 2025<\/strong>, les <strong data-start=\"245\" data-end=\"278\">vid\u00e9os dans leur langue originale<\/strong> seront disponibles sur la plateforme.<br data-start=\"307\" data-end=\"310\" \/>Les versions traduites (allemand, fran\u00e7ais, italien et anglais) seront ajout\u00e9es progressivement par la suite.<\/p>\n<p data-start=\"486\" data-end=\"583\">D\u00e8s que de nouvelles versions linguistiques seront disponibles, elles seront automatiquement ajout\u00e9es \u00e0 la plateforme.<\/p>\n<p data-start=\"463\" data-end=\"583\">Le <strong data-start=\"466\" data-end=\"487\">17 novembre 2025<\/strong>, vous recevrez \u00e9galement l\u2019acc\u00e8s \u00e0 la plateforme avec votre <strong data-start=\"541\" data-end=\"569\">\u00ab\u00a0Magiclink\u00a0\u00bb personnel<\/strong> par e-mail.<\/p>\n<p data-start=\"585\" data-end=\"679\">Tous les articles du congr\u00e8s seront \u00e0 votre disposition <strong data-start=\"627\" data-end=\"654\">jusqu\u2019au 28 f\u00e9vrier 2026<\/strong> \u00e0 la demande.<\/p>\n<h4 data-start=\"448\" data-end=\"534\" style=\"text-align: left;\">Si vous avez r\u00e9serv\u00e9 le bon jour, mais que l&rsquo;acc\u00e8s ne fonctionne toujours pas\u00a0:<\/h4>\n<ol>\n<li data-start=\"539\" data-end=\"644\">Ouvrez le <strong data-start=\"554\" data-end=\"582\">chat d\u2019assistance technique<\/strong><br data-start=\"582\" data-end=\"585\" \/>\u2192 Vous le trouverez <strong data-start=\"605\" data-end=\"620\">en bas \u00e0 gauche<\/strong> de votre \u00e9cran<\/li>\n<li data-start=\"539\" data-end=\"644\">Ou contactez-nous par l\u2019une des options suivantes\u00a0:<br data-start=\"712\" data-end=\"715\" \/><strong data-start=\"718\" data-end=\"729\">E-mail\u00a0:<\/strong> <a href=\"mailto:registration@organizers.ch\">[registration@organizers.ch<span aria-hidden=\"true\" class=\"ms-0.5 inline-block align-middle leading-none\"><svg width=\"20\" height=\"20\" viewbox=\"0 0 20 20\" fill=\"currentColor\" xmlns=\"http:\/\/www.w3.org\/2000\/svg\" data-rtl-flip=\"\" class=\"block h-[0.75em] w-[0.75em] stroke-current stroke-[0.75]\"><path d=\"M14.3349 13.3301V6.60645L5.47065 15.4707C5.21095 15.7304 4.78895 15.7304 4.52925 15.4707C4.26955 15.211 4.26955 14.789 4.52925 14.5293L13.3935 5.66504H6.66011C6.29284 5.66504 5.99507 5.36727 5.99507 5C5.99507 4.63273 6.29284 4.33496 6.66011 4.33496H14.9999L15.1337 4.34863C15.4369 4.41057 15.665 4.67857 15.665 5V13.3301C15.6649 13.6973 15.3672 13.9951 14.9999 13.9951C14.6327 13.9951 14.335 13.6973 14.3349 13.3301Z\"><\/path><\/svg><\/span>]<\/a><br data-start=\"751\" data-end=\"754\" \/><strong data-start=\"757\" data-end=\"769\">T\u00e9l\u00e9phone\u00a0:<\/strong> <span>+41 (0)61 836 98 76<\/span><\/li>\n<\/ol>\n<p data-start=\"790\" data-end=\"886\" style=\"text-align: left;\">Nous v\u00e9rifierons votre acc\u00e8s aussi rapidement que possible et le d\u00e9bloquerons si tout est correct.<\/p>\n<p data-start=\"888\" data-end=\"920\" style=\"text-align: left;\">Nous vous remercions de votre compr\u00e9hension.<\/p>\n<p>[\/et_pb_text][et_pb_button button_url=\u00a0\u00bbhttps:\/\/virtual.autismuskongress-schweiz.ch\/fr\/\u00a0\u00bb button_text=\u00a0\u00bbPage d&apos;accueil\u00a0\u00bb button_alignment=\u00a0\u00bbcenter\u00a0\u00bb _builder_version=\u00a0\u00bb4.27.4&Prime; _module_preset=\u00a0\u00bbdefault\u00a0\u00bb custom_button=\u00a0\u00bbon\u00a0\u00bb button_text_color=\u00a0\u00bb#FFFFFF\u00a0\u00bb button_bg_color=\u00a0\u00bb#4b6ec8&Prime; custom_margin=\u00a0\u00bb61px|||||\u00a0\u00bb global_colors_info=\u00a0\u00bb{}\u00a0\u00bb][\/et_pb_button][\/et_pb_column][\/et_pb_row][\/et_pb_section]<\/p>\n","protected":false},"excerpt":{"rendered":"<p>Pas d&rsquo;acc\u00e8s \u00e0 cette pageVous n\u2019avez actuellement pas acc\u00e8s \u00e0 cette page. Veuillez d\u2019abord v\u00e9rifier votre confirmation de r\u00e9servation pour vous assurer d\u2019avoir r\u00e9serv\u00e9 le jour de congr\u00e8s correct. Remarque concernant la phase \u00e0 la demande La phase \u00e0 la demande commence le 17 novembre 2025. \u00c0 partir du 17 novembre 2025, les vid\u00e9os dans [&hellip;]<\/p>\n","protected":false},"author":2,"featured_media":0,"parent":0,"menu_order":0,"comment_status":"closed","ping_status":"closed","template":"","meta":{"_et_pb_use_builder":"on","_et_pb_old_content":"","_et_gb_content_width":"","footnotes":""},"difl_page_category":[],"class_list":["post-494","page","type-page","status-publish","hentry"],"_hostinger_reach_plugin_has_subscription_block":false,"_hostinger_reach_plugin_is_elementor":false,"_links":{"self":[{"href":"https:\/\/virtual.autismuskongress-schweiz.ch\/fr\/wp-json\/wp\/v2\/pages\/494","targetHints":{"allow":["GET"]}}],"collection":[{"href":"https:\/\/virtual.autismuskongress-schweiz.ch\/fr\/wp-json\/wp\/v2\/pages"}],"about":[{"href":"https:\/\/virtual.autismuskongress-schweiz.ch\/fr\/wp-json\/wp\/v2\/types\/page"}],"author":[{"embeddable":true,"href":"https:\/\/virtual.autismuskongress-schweiz.ch\/fr\/wp-json\/wp\/v2\/users\/2"}],"replies":[{"embeddable":true,"href":"https:\/\/virtual.autismuskongress-schweiz.ch\/fr\/wp-json\/wp\/v2\/comments?post=494"}],"version-history":[{"count":6,"href":"https:\/\/virtual.autismuskongress-schweiz.ch\/fr\/wp-json\/wp\/v2\/pages\/494\/revisions"}],"predecessor-version":[{"id":934,"href":"https:\/\/virtual.autismuskongress-schweiz.ch\/fr\/wp-json\/wp\/v2\/pages\/494\/revisions\/934"}],"wp:attachment":[{"href":"https:\/\/virtual.autismuskongress-schweiz.ch\/fr\/wp-json\/wp\/v2\/media?parent=494"}],"wp:term":[{"taxonomy":"difl_page_category","embeddable":true,"href":"https:\/\/virtual.autismuskongress-schweiz.ch\/fr\/wp-json\/wp\/v2\/difl_page_category?post=494"}],"curies":[{"name":"wp","href":"https:\/\/api.w.org\/{rel}","templated":true}]}}