{"id":171,"date":"2025-10-15T08:38:45","date_gmt":"2025-10-15T08:38:45","guid":{"rendered":"https:\/\/virtual.autismuskongress-schweiz.ch\/aide-et-informations\/"},"modified":"2026-01-28T17:09:59","modified_gmt":"2026-01-28T17:09:59","slug":"aide-et-informations","status":"publish","type":"page","link":"https:\/\/virtual.autismuskongress-schweiz.ch\/fr\/aide-et-informations\/","title":{"rendered":"Aide et informations"},"content":{"rendered":"<p>[et_pb_section fb_built=\u00a0\u00bb1&Prime; _builder_version=\u00a0\u00bb4.24.2&Prime; _module_preset=\u00a0\u00bbdefault\u00a0\u00bb da_disable_devices=\u00a0\u00bboff|off|off\u00a0\u00bb global_colors_info=\u00a0\u00bb{}\u00a0\u00bb da_is_popup=\u00a0\u00bboff\u00a0\u00bb da_exit_intent=\u00a0\u00bboff\u00a0\u00bb da_has_close=\u00a0\u00bbon\u00a0\u00bb da_alt_close=\u00a0\u00bboff\u00a0\u00bb da_dark_close=\u00a0\u00bboff\u00a0\u00bb da_not_modal=\u00a0\u00bbon\u00a0\u00bb da_is_singular=\u00a0\u00bboff\u00a0\u00bb da_with_loader=\u00a0\u00bboff\u00a0\u00bb da_has_shadow=\u00a0\u00bbon\u00a0\u00bb][et_pb_row _builder_version=\u00a0\u00bb4.24.2&Prime; _module_preset=\u00a0\u00bbdefault\u00a0\u00bb global_colors_info=\u00a0\u00bb{}\u00a0\u00bb][et_pb_column type=\u00a0\u00bb4_4&Prime; _builder_version=\u00a0\u00bb4.24.2&Prime; _module_preset=\u00a0\u00bbdefault\u00a0\u00bb global_colors_info=\u00a0\u00bb{}\u00a0\u00bb][et_pb_text _builder_version=\u00a0\u00bb4.24.2&Prime; _module_preset=\u00a0\u00bbdefault\u00a0\u00bb animation_style=\u00a0\u00bbfade\u00a0\u00bb global_colors_info=\u00a0\u00bb{}\u00a0\u00bb]<\/p>\n<h1>Aide et informations<\/h1>\n<p>[\/et_pb_text][\/et_pb_column][\/et_pb_row][et_pb_row _builder_version=\u00a0\u00bb4.24.2&Prime; _module_preset=\u00a0\u00bbdefault\u00a0\u00bb animation_style=\u00a0\u00bbfade\u00a0\u00bb animation_direction=\u00a0\u00bbbottom\u00a0\u00bb global_colors_info=\u00a0\u00bb{}\u00a0\u00bb][et_pb_column type=\u00a0\u00bb4_4&Prime; _builder_version=\u00a0\u00bb4.24.2&Prime; _module_preset=\u00a0\u00bbdefault\u00a0\u00bb global_colors_info=\u00a0\u00bb{}\u00a0\u00bb][et_pb_accordion disabled_on=\u00a0\u00bboff|off|off\u00a0\u00bb _builder_version=\u00a0\u00bb4.27.4&Prime; _module_preset=\u00a0\u00bbdefault\u00a0\u00bb hover_enabled=\u00a0\u00bb0&Prime; global_colors_info=\u00a0\u00bb{}\u00a0\u00bb sticky_enabled=\u00a0\u00bb0&Prime;][et_pb_accordion_item title=\u00a0\u00bbUtilisation des pr\u00e9sentations et documents\u00a0\u00bb _builder_version=\u00a0\u00bb4.27.4&Prime; _module_preset=\u00a0\u00bbdefault\u00a0\u00bb hover_enabled=\u00a0\u00bb0&Prime; sticky_enabled=\u00a0\u00bb0&Prime;]<\/p>\n<p>Les pr\u00e9sentations et documents disponibles sur la plateforme On-Demand sont exclusivement destin\u00e9s \u00e0 votre usage personnel en tant que participant(e). Toute transmission \u00e0 des tiers ainsi que toute publication (par exemple sur des sites web ou sur les r\u00e9seaux sociaux) sont interdites.<\/p>\n<p>[\/et_pb_accordion_item][et_pb_accordion_item title=\u00a0\u00bbCombien de cr\u00e9dits de formation continue vais-je recevoir ?\u00a0\u00bb open=\u00a0\u00bbon\u00a0\u00bb _builder_version=\u00a0\u00bb4.27.4&Prime; _module_preset=\u00a0\u00bbdefault\u00a0\u00bb global_colors_info=\u00a0\u00bb{}\u00a0\u00bb]<\/p>\n<p>Pour la participation \u00e0 ce congr\u00e8s sp\u00e9cialis\u00e9, vous recevrez :<\/p>\n<p><strong>SSP (Soci\u00e9t\u00e9 Suisse de P\u00e9diatrie) :<\/strong> 10 cr\u00e9dits<strong><br \/><\/strong><\/p>\n<p><strong>SGKJPP (Soci\u00e9t\u00e9 Suisse de Psychiatrie et Psychoth\u00e9rapie de l&rsquo;Enfant et de l&rsquo;Adolescent) :<\/strong> 9 cr\u00e9dits, les cr\u00e9dits de la SGPP peuvent \u00eatre reconnus comme formation continue \u00e9largie. <strong><br \/><\/strong><\/p>\n<p><strong>SIM (Swiss Insurance Medicine) :<\/strong> 3.5 cr\u00e9dits <\/p>\n<p>[\/et_pb_accordion_item][et_pb_accordion_item title=\u00a0\u00bbQuand\/Comment vais-je recevoir l&rsquo;attestation de participation ?\u00a0\u00bb _builder_version=\u00a0\u00bb4.27.4&Prime; _module_preset=\u00a0\u00bbdefault\u00a0\u00bb global_colors_info=\u00a0\u00bb{}\u00a0\u00bb open=\u00a0\u00bboff\u00a0\u00bb]<\/p>\n<p>Votre attestation de participation vous sera envoy\u00e9e par e-mail apr\u00e8s le congr\u00e8s. Ceci est valable pour chaque type de participation, que ce soit sur place, virtuellement ou \u00e0 la demande.<\/p>\n<p>[\/et_pb_accordion_item][et_pb_accordion_item title=\u00a0\u00bbO\u00f9 puis-je trouver une assistance technique ?\u00a0\u00bb _builder_version=\u00a0\u00bb4.27.4&Prime; _module_preset=\u00a0\u00bbdefault\u00a0\u00bb global_colors_info=\u00a0\u00bb{}\u00a0\u00bb open=\u00a0\u00bboff\u00a0\u00bb]<\/p>\n<p>Vous trouverez une assistance technique en bas de l&rsquo;\u00e9cran. Cliquez sur le widget pour ouvrir une fen\u00eatre de chat dans laquelle vous serez directement connect\u00e9 \u00e0 une personne du support. <\/p>\n<p><img loading=\"lazy\" decoding=\"async\" src=\"https:\/\/virtual.autismuskongress-schweiz.ch\/wp-content\/uploads\/2025\/10\/ChatWidget.jpg\" width=\"106\" height=\"98\" alt=\"\" class=\"wp-image-338167 alignnone size-full\"><em>  (Widget en bas de l&rsquo;\u00e9cran)<\/em><\/p>\n<p>&nbsp;<\/p>\n<p>En r\u00e8gle g\u00e9n\u00e9rale, vous recevrez une r\u00e9ponse en quelques minutes, mais cela peut prendre un peu plus de temps en cas de forte affluence.<\/p>\n<p><strong>Phase VoD :<\/strong> M\u00eame apr\u00e8s le congr\u00e8s sp\u00e9cialis\u00e9, vous pouvez poser des questions sur la plateforme via ce widget de support.<\/p>\n<p>[\/et_pb_accordion_item][et_pb_accordion_item title=\u00a0\u00bbAcc\u00e8s au livestream\u00a0\u00bb _builder_version=\u00a0\u00bb4.27.4&Prime; _module_preset=\u00a0\u00bbdefault\u00a0\u00bb global_colors_info=\u00a0\u00bb{}\u00a0\u00bb open=\u00a0\u00bboff\u00a0\u00bb]<\/p>\n<p data-start=\"209\" data-end=\"385\">Si vous acc\u00e9dez \u00e0 la plateforme via votre lien magique personnel, vous \u00eates g\u00e9n\u00e9ralement connect\u00e9 automatiquement. Vous pouvez le v\u00e9rifier en haut \u00e0 droite de l&rsquo;\u00e9cran. <\/p>\n<p data-start=\"209\" data-end=\"385\"><img loading=\"lazy\" decoding=\"async\" src=\"https:\/\/virtual.autismuskongress-schweiz.ch\/wp-content\/uploads\/2025\/10\/AUT25.Eingeloggt-300x112.png\" width=\"212\" height=\"79\" alt=\"\" class=\"wp-image-87 alignnone size-medium\" srcset=\"https:\/\/virtual.autismuskongress-schweiz.ch\/wp-content\/uploads\/2025\/10\/AUT25.Eingeloggt-300x112.png 300w, https:\/\/virtual.autismuskongress-schweiz.ch\/wp-content\/uploads\/2025\/10\/AUT25.Eingeloggt.png 325w\" sizes=\"(max-width: 212px) 100vw, 212px\" \/><\/p>\n<p data-start=\"387\" data-end=\"528\">Si le message <em data-start=\"411\" data-end=\"439\">\u00ab Vous n&rsquo;\u00eates pas connect\u00e9 \u00bb<\/em> s&rsquo;affiche, veuillez rouvrir le lien magique que vous avez re\u00e7u par e-mail.<\/p>\n<p data-start=\"387\" data-end=\"528\"><img loading=\"lazy\" decoding=\"async\" src=\"https:\/\/virtual.autismuskongress-schweiz.ch\/wp-content\/uploads\/2025\/10\/AUT25.NichtEingeloggt-300x92.png\" width=\"242\" height=\"74\" alt=\"\" class=\"wp-image-88 alignnone size-medium\" srcset=\"https:\/\/virtual.autismuskongress-schweiz.ch\/wp-content\/uploads\/2025\/10\/AUT25.NichtEingeloggt-300x92.png 300w, https:\/\/virtual.autismuskongress-schweiz.ch\/wp-content\/uploads\/2025\/10\/AUT25.NichtEingeloggt.png 407w\" sizes=\"(max-width: 242px) 100vw, 242px\" \/><\/p>\n<p data-start=\"530\" data-end=\"649\">Une fois connect\u00e9, vous pouvez acc\u00e9der au livestream directement via la tuile correspondante sur la page d&rsquo;accueil.<\/p>\n<p data-start=\"530\" data-end=\"649\"><img loading=\"lazy\" decoding=\"async\" src=\"https:\/\/virtual.autismuskongress-schweiz.ch\/wp-content\/uploads\/2025\/10\/AUT25.LivestreamKachel-300x184.png\" width=\"246\" height=\"151\" alt=\"\" class=\"wp-image-89 alignnone size-medium\" srcset=\"https:\/\/virtual.autismuskongress-schweiz.ch\/wp-content\/uploads\/2025\/10\/AUT25.LivestreamKachel-300x184.png 300w, https:\/\/virtual.autismuskongress-schweiz.ch\/wp-content\/uploads\/2025\/10\/AUT25.LivestreamKachel.png 475w\" sizes=\"(max-width: 246px) 100vw, 246px\" \/><\/p>\n<p>[\/et_pb_accordion_item][et_pb_accordion_item title=\u00a0\u00bbQuel navigateur est pris en charge ?\u00a0\u00bb _builder_version=\u00a0\u00bb4.25.1&Prime; _module_preset=\u00a0\u00bbdefault\u00a0\u00bb global_colors_info=\u00a0\u00bb{}\u00a0\u00bb open=\u00a0\u00bboff\u00a0\u00bb]<\/p>\n<p>Les navigateurs suivants prennent en charge la lecture des vid\u00e9os Vimeo :<\/p>\n<ul>\n<li>Chrome 60+ (mises \u00e0 jour automatiques)<\/li>\n<li>Firefox 60+ (mises \u00e0 jour automatiques)<\/li>\n<li>Microsoft Edge 79+ (mises \u00e0 jour automatiques)<\/li>\n<li>Safari 11+<\/li>\n<\/ul>\n<p>Tenez compte de ces restrictions :<\/p>\n<ul>\n<li>Firefox sous Windows ne prend en charge les vid\u00e9os H.264 qu&rsquo;\u00e0 partir de Windows 7.<\/li>\n<li>Safari 14+ est le seul navigateur qui prend en charge Dolby Vision sur les appareils MacOS\/iOS.<\/li>\n<\/ul>\n<p>Pour conna\u00eetre la version de votre navigateur, vous pouvez utiliser ce lien : <a href=\"https:\/\/www.whatsmybrowser.org\/\" target=\"_blank\" rel=\"noopener\">https:\/\/www.whatsmybrowser.org\/<\/a><\/p>\n<p>En cas de doute, vous pouvez contacter \u00e0 tout moment notre support technique via l&rsquo;ic\u00f4ne en bas \u00e0 gauche de l&rsquo;\u00e9cran.<\/p>\n<p>[\/et_pb_accordion_item][et_pb_accordion_item title=\u00a0\u00bbLe flux n&rsquo;est pas fluide\/est saccad\u00e9\u00a0\u00bb _builder_version=\u00a0\u00bb4.27.4&Prime; _module_preset=\u00a0\u00bbdefault\u00a0\u00bb global_colors_info=\u00a0\u00bb{}\u00a0\u00bb open=\u00a0\u00bboff\u00a0\u00bb]<\/p>\n<section class=\"article-info\">\n<div class=\"article-content\">\n<div class=\"article-body\">\n<div class=\"flex flex-grow flex-col max-w-full\">\n<div data-message-author-role=\"assistant\" data-message-id=\"2109033d-2e1a-4adc-9315-5f82f411a32e\" dir=\"auto\" class=\"min-h-[20px] text-message flex flex-col items-start whitespace-pre-wrap break-words [.text-message+&amp;]:mt-5 juice:w-full juice:items-end overflow-x-auto gap-2\">\n<div class=\"flex w-full flex-col gap-1 juice:empty:hidden juice:first:pt-[3px]\">\n<div class=\"markdown prose w-full break-words dark:prose-invert light\">\n<p>Pour regarder des vid\u00e9os sur Vimeo, vous avez besoin d&rsquo;une vitesse de t\u00e9l\u00e9chargement d&rsquo;au moins 500 kbps. Pour une meilleure qualit\u00e9, nous recommandons 5 Mbps ou plus. Utilisez de pr\u00e9f\u00e9rence une connexion c\u00e2bl\u00e9e au lieu du Wi-Fi ou du r\u00e9seau mobile.<\/p>\n<p>Pour tester votre vitesse de connexion, rendez-vous sur <a rel=\"noreferrer noopener\" target=\"_new\" href=\"https:\/\/www.speedtest.net\/\">https:\/\/www.speedtest.net\/<\/a>. Testez plusieurs fois, car la vitesse peut varier.<\/p>\n<p>Vous trouverez plus d&rsquo;informations sur la r\u00e9solution des probl\u00e8mes de lecture sous \u00ab <a href=\"https:\/\/help.vimeo.com\/hc\/de\/articles\/12425768654225\" target=\"_blank\" rel=\"noopener noreferrer\">D\u00e9pannage de la qualit\u00e9 de lecture et des probl\u00e8mes de mise en m\u00e9moire tampon<\/a> \u00bb.<\/p>\n<\/div>\n<\/div>\n<\/div>\n<\/div>\n<div class=\"mt-1 flex gap-3 empty:hidden juice:-ml-3\">\n<div class=\"items-center justify-start rounded-xl p-1 flex\">\n<div class=\"flex items-center\">\n<div class=\"flex items-center pb-0.5 juice:pb-0\"><\/div>\n<\/div>\n<\/div>\n<\/div>\n<\/div>\n<\/div>\n<\/section>\n<footer><\/footer>\n<p>[\/et_pb_accordion_item][et_pb_accordion_item title=\u00a0\u00bbDisponibilit\u00e9 des vid\u00e9os \u00e0 la demande\u00a0\u00bb _builder_version=\u00a0\u00bb4.27.4&Prime; _module_preset=\u00a0\u00bbdefault\u00a0\u00bb hover_enabled=\u00a0\u00bb0&Prime; global_colors_info=\u00a0\u00bb{}\u00a0\u00bb open=\u00a0\u00bboff\u00a0\u00bb sticky_enabled=\u00a0\u00bb0&Prime;]<\/p>\n<p data-start=\"234\" data-end=\"540\">Les vid\u00e9os \u00e0 la demande, y compris toutes les versions traduites, sont d\u00e9sormais enti\u00e8rement disponibles sur la plateforme. Toutes les contributions peuvent \u00eatre consult\u00e9es et visionn\u00e9es dans la langue souhait\u00e9e jusqu&rsquo;au <strong data-start=\"210\" data-end=\"230\">28 f\u00e9vrier 2026<\/strong>.<\/p>\n<p>[\/et_pb_accordion_item][et_pb_accordion_item title=\u00a0\u00bbManuel d&rsquo;utilisation de la plateforme \u00e0 la demande\u00a0\u00bb _builder_version=\u00a0\u00bb4.27.4&Prime; _module_preset=\u00a0\u00bbdefault\u00a0\u00bb global_colors_info=\u00a0\u00bb{}\u00a0\u00bb open=\u00a0\u00bboff\u00a0\u00bb]<\/p>\n<p>Vous trouverez ici les instructions d&rsquo;utilisation de la plateforme \u00e0 la demande. Ces instructions vous aideront \u00e0 acc\u00e9der aux vid\u00e9os, \u00e0 changer de version linguistique et \u00e0 naviguer sur la plateforme.<\/p>\n<p><br data-start=\"367\" data-end=\"370\" \/>Le guide complet est disponible en t\u00e9l\u00e9chargement au format PDF.<\/p>\n<p><a href=\"https:\/\/virtual.autismuskongress-schweiz.ch\/wp-content\/uploads\/2025\/11\/251117.AUT25.TNM_.Fotostory-VOD-Instruktionen_FR.pdf\" target=\"_blank\" rel=\"noopener\"><strong>Guide d&rsquo;utilisation de la plateforme \u00e0 la demande<\/strong><\/a><\/p>\n<p>[\/et_pb_accordion_item][\/et_pb_accordion][\/et_pb_column][\/et_pb_row][et_pb_row disabled_on=\u00a0\u00bbon|on|on\u00a0\u00bb _builder_version=\u00a0\u00bb4.24.2&Prime; _module_preset=\u00a0\u00bbdefault\u00a0\u00bb animation_style=\u00a0\u00bbfade\u00a0\u00bb animation_direction=\u00a0\u00bbbottom\u00a0\u00bb disabled=\u00a0\u00bbon\u00a0\u00bb global_colors_info=\u00a0\u00bb{}\u00a0\u00bb][et_pb_column type=\u00a0\u00bb4_4&Prime; _builder_version=\u00a0\u00bb4.24.2&Prime; _module_preset=\u00a0\u00bbdefault\u00a0\u00bb global_colors_info=\u00a0\u00bb{}\u00a0\u00bb][et_pb_accordion disabled_on=\u00a0\u00bboff|off|off\u00a0\u00bb _builder_version=\u00a0\u00bb4.27.4&Prime; _module_preset=\u00a0\u00bbdefault\u00a0\u00bb global_colors_info=\u00a0\u00bb{}\u00a0\u00bb][et_pb_accordion_item title=\u00a0\u00bbCombien de cr\u00e9dits de formation continue vais-je recevoir ?\u00a0\u00bb open=\u00a0\u00bbon\u00a0\u00bb _builder_version=\u00a0\u00bb4.27.4&Prime; _module_preset=\u00a0\u00bbdefault\u00a0\u00bb global_colors_info=\u00a0\u00bb{}\u00a0\u00bb]<\/p>\n<p>Pour la participation \u00e0 ce congr\u00e8s sp\u00e9cialis\u00e9, vous recevrez :<\/p>\n<p><strong>SSP (Soci\u00e9t\u00e9 Suisse de P\u00e9diatrie) :<\/strong> 10 cr\u00e9dits<strong><br \/><\/strong><\/p>\n<p><strong>SGKJPP (Soci\u00e9t\u00e9 Suisse de Psychiatrie et Psychoth\u00e9rapie de l&rsquo;Enfant et de l&rsquo;Adolescent) :<\/strong> 9 cr\u00e9dits, les cr\u00e9dits de la SGPP peuvent \u00eatre reconnus comme formation continue \u00e9largie. <strong><br \/><\/strong><\/p>\n<p><strong>SIM (Swiss Insurance Medicine) :<\/strong> 3.5 cr\u00e9dits <\/p>\n<p>[\/et_pb_accordion_item][et_pb_accordion_item title=\u00a0\u00bbQuand\/Comment vais-je recevoir l&apos;attestation de participation ?\u00a0\u00bb _builder_version=\u00a0\u00bb4.25.1&Prime; _module_preset=\u00a0\u00bbdefault\u00a0\u00bb global_colors_info=\u00a0\u00bb{}\u00a0\u00bb open=\u00a0\u00bboff\u00a0\u00bb]<\/p>\n<p>Votre attestation de participation vous sera envoy\u00e9e par e-mail apr\u00e8s le congr\u00e8s. Ceci est valable pour chaque type de participation, que ce soit sur place, virtuellement ou \u00e0 la demande. <\/p>\n<p>[\/et_pb_accordion_item][et_pb_accordion_item title=\u00a0\u00bbO\u00f9 puis-je trouver une assistance technique ?\u00a0\u00bb _builder_version=\u00a0\u00bb4.27.4&Prime; _module_preset=\u00a0\u00bbdefault\u00a0\u00bb global_colors_info=\u00a0\u00bb{}\u00a0\u00bb open=\u00a0\u00bboff\u00a0\u00bb]<\/p>\n<p>Vous trouverez une assistance technique en bas de l&rsquo;\u00e9cran. Cliquez sur le widget pour ouvrir une fen\u00eatre de chat dans laquelle vous serez directement connect\u00e9 \u00e0 une personne du support. <\/p>\n<p><img loading=\"lazy\" decoding=\"async\" src=\"https:\/\/virtual.autismuskongress-schweiz.ch\/wp-content\/uploads\/2025\/10\/ChatWidget.jpg\" width=\"106\" height=\"98\" alt=\"\" class=\"wp-image-338167 alignnone size-full\"><em>  (Widget en bas de l&rsquo;\u00e9cran)<\/em><\/p>\n<p>&nbsp;<\/p>\n<p>En r\u00e8gle g\u00e9n\u00e9rale, vous recevrez une r\u00e9ponse en quelques minutes, mais cela peut prendre un peu plus de temps en cas de forte affluence.<\/p>\n<p><strong>Phase VoD :<\/strong> M\u00eame apr\u00e8s le congr\u00e8s sp\u00e9cialis\u00e9, vous pouvez poser des questions sur la plateforme via ce widget de support.<\/p>\n<p>[\/et_pb_accordion_item][et_pb_accordion_item title=\u00a0\u00bbAcc\u00e8s au livestream\u00a0\u00bb _builder_version=\u00a0\u00bb4.27.4&Prime; _module_preset=\u00a0\u00bbdefault\u00a0\u00bb global_colors_info=\u00a0\u00bb{}\u00a0\u00bb open=\u00a0\u00bboff\u00a0\u00bb]<\/p>\n<p data-start=\"209\" data-end=\"385\">Si vous acc\u00e9dez \u00e0 la plateforme via votre lien magique personnel, vous \u00eates g\u00e9n\u00e9ralement connect\u00e9 automatiquement. Vous pouvez le v\u00e9rifier en haut \u00e0 droite de l&rsquo;\u00e9cran. <\/p>\n<p data-start=\"209\" data-end=\"385\"><img loading=\"lazy\" decoding=\"async\" src=\"https:\/\/virtual.autismuskongress-schweiz.ch\/wp-content\/uploads\/2025\/10\/AUT25.Eingeloggt-300x112.png\" width=\"212\" height=\"79\" alt=\"\" class=\"wp-image-87 alignnone size-medium\" srcset=\"https:\/\/virtual.autismuskongress-schweiz.ch\/wp-content\/uploads\/2025\/10\/AUT25.Eingeloggt-300x112.png 300w, https:\/\/virtual.autismuskongress-schweiz.ch\/wp-content\/uploads\/2025\/10\/AUT25.Eingeloggt.png 325w\" sizes=\"(max-width: 212px) 100vw, 212px\" \/><\/p>\n<p data-start=\"387\" data-end=\"528\">Si le message <em data-start=\"411\" data-end=\"439\">\u00ab Vous n&rsquo;\u00eates pas connect\u00e9 \u00bb<\/em> s&rsquo;affiche, veuillez rouvrir le lien magique que vous avez re\u00e7u par e-mail.<\/p>\n<p data-start=\"387\" data-end=\"528\"><img loading=\"lazy\" decoding=\"async\" src=\"https:\/\/virtual.autismuskongress-schweiz.ch\/wp-content\/uploads\/2025\/10\/AUT25.NichtEingeloggt-300x92.png\" width=\"242\" height=\"74\" alt=\"\" class=\"wp-image-88 alignnone size-medium\" srcset=\"https:\/\/virtual.autismuskongress-schweiz.ch\/wp-content\/uploads\/2025\/10\/AUT25.NichtEingeloggt-300x92.png 300w, https:\/\/virtual.autismuskongress-schweiz.ch\/wp-content\/uploads\/2025\/10\/AUT25.NichtEingeloggt.png 407w\" sizes=\"(max-width: 242px) 100vw, 242px\" \/><\/p>\n<p data-start=\"530\" data-end=\"649\">Une fois connect\u00e9, vous pouvez acc\u00e9der au livestream directement via la tuile correspondante sur la page d&rsquo;accueil.<\/p>\n<p data-start=\"530\" data-end=\"649\"><img loading=\"lazy\" decoding=\"async\" src=\"https:\/\/virtual.autismuskongress-schweiz.ch\/wp-content\/uploads\/2025\/10\/AUT25.LivestreamKachel-300x184.png\" width=\"246\" height=\"151\" alt=\"\" class=\"wp-image-89 alignnone size-medium\" srcset=\"https:\/\/virtual.autismuskongress-schweiz.ch\/wp-content\/uploads\/2025\/10\/AUT25.LivestreamKachel-300x184.png 300w, https:\/\/virtual.autismuskongress-schweiz.ch\/wp-content\/uploads\/2025\/10\/AUT25.LivestreamKachel.png 475w\" sizes=\"(max-width: 246px) 100vw, 246px\" \/><\/p>\n<p>[\/et_pb_accordion_item][et_pb_accordion_item title=\u00a0\u00bbComment puis-je poser des questions en ligne aux intervenants ?\u00a0\u00bb _builder_version=\u00a0\u00bb4.27.4&Prime; _module_preset=\u00a0\u00bbdefault\u00a0\u00bb global_colors_info=\u00a0\u00bb{}\u00a0\u00bb open=\u00a0\u00bboff\u00a0\u00bb]<\/p>\n<p>Vous pouvez poser vos questions directement aux intervenants sous le livestream.<\/p>\n<p><img loading=\"lazy\" decoding=\"async\" src=\"https:\/\/virtual.autismuskongress-schweiz.ch\/wp-content\/uploads\/2025\/10\/QA-1024x427-1.jpg\" width=\"365\" height=\"152\" alt=\"\" class=\"wp-image-338169 alignnone size-large\" style=\"display: block; margin-left: auto; margin-right: auto;\"><\/p>\n<p>&nbsp;<\/p>\n<p>Vous avez le choix de poser la question en votre nom ou anonymement. Une fois votre question soumise, elle sera collect\u00e9e par la mod\u00e9ration et traduite si n\u00e9cessaire. <\/p>\n<p><em><strong>Les questions pos\u00e9es ne sont pas visibles pour les autres participants.<\/strong><\/em><\/p>\n<p>[\/et_pb_accordion_item][et_pb_accordion_item title=\u00a0\u00bbQuel navigateur est pris en charge ?\u00a0\u00bb _builder_version=\u00a0\u00bb4.25.1&Prime; _module_preset=\u00a0\u00bbdefault\u00a0\u00bb global_colors_info=\u00a0\u00bb{}\u00a0\u00bb open=\u00a0\u00bboff\u00a0\u00bb]<\/p>\n<p>Les navigateurs suivants prennent en charge la lecture des vid\u00e9os Vimeo :<\/p>\n<ul>\n<li>Chrome 60+ (mises \u00e0 jour automatiques)<\/li>\n<li>Firefox 60+ (mises \u00e0 jour automatiques)<\/li>\n<li>Microsoft Edge 79+ (mises \u00e0 jour automatiques)<\/li>\n<li>Safari 11+<\/li>\n<\/ul>\n<p>Tenez compte de ces restrictions :<\/p>\n<ul>\n<li>Firefox sous Windows ne prend en charge les vid\u00e9os H.264 qu&rsquo;\u00e0 partir de Windows 7.<\/li>\n<li>Safari 14+ est le seul navigateur qui prend en charge Dolby Vision sur les appareils MacOS\/iOS.<\/li>\n<\/ul>\n<p>Pour conna\u00eetre la version de votre navigateur, vous pouvez utiliser ce lien : <a href=\"https:\/\/www.whatsmybrowser.org\/\" target=\"_blank\" rel=\"noopener\">https:\/\/www.whatsmybrowser.org\/<\/a><\/p>\n<p>En cas de doute, vous pouvez contacter \u00e0 tout moment notre support technique via l&rsquo;ic\u00f4ne en bas \u00e0 gauche de l&rsquo;\u00e9cran.<\/p>\n<p>[\/et_pb_accordion_item][et_pb_accordion_item title=\u00a0\u00bbLe flux n&apos;est pas fluide\/est saccad\u00e9\u00a0\u00bb _builder_version=\u00a0\u00bb4.25.1&Prime; _module_preset=\u00a0\u00bbdefault\u00a0\u00bb global_colors_info=\u00a0\u00bb{}\u00a0\u00bb open=\u00a0\u00bboff\u00a0\u00bb]<\/p>\n<section class=\"article-info\">\n<div class=\"article-content\">\n<div class=\"article-body\">\n<div class=\"flex flex-grow flex-col max-w-full\">\n<div data-message-author-role=\"assistant\" data-message-id=\"2109033d-2e1a-4adc-9315-5f82f411a32e\" dir=\"auto\" class=\"min-h-[20px] text-message flex flex-col items-start whitespace-pre-wrap break-words [.text-message+&amp;]:mt-5 juice:w-full juice:items-end overflow-x-auto gap-2\">\n<div class=\"flex w-full flex-col gap-1 juice:empty:hidden juice:first:pt-[3px]\">\n<div class=\"markdown prose w-full break-words dark:prose-invert light\">\n<p>Pour regarder des vid\u00e9os sur Vimeo, vous avez besoin d&rsquo;une vitesse de t\u00e9l\u00e9chargement d&rsquo;au moins 500 kbps. Pour une meilleure qualit\u00e9, nous recommandons 5 Mbps ou plus. Utilisez de pr\u00e9f\u00e9rence une connexion c\u00e2bl\u00e9e au lieu du Wi-Fi ou du r\u00e9seau mobile.  <\/p>\n<p>Pour tester votre vitesse de connexion, rendez-vous sur <a rel=\"noreferrer noopener\" target=\"_new\" href=\"https:\/\/www.speedtest.net\/\">https:\/\/www.speedtest.net\/<\/a>. Testez plusieurs fois, car la vitesse peut varier.<\/p>\n<p>Vous trouverez plus d&rsquo;informations sur la r\u00e9solution des probl\u00e8mes de lecture sous \u00ab <a href=\"https:\/\/help.vimeo.com\/hc\/de\/articles\/12425768654225\" target=\"_blank\" rel=\"noopener noreferrer\">D\u00e9pannage de la qualit\u00e9 de lecture et des probl\u00e8mes de mise en m\u00e9moire tampon<\/a> \u00bb.<\/p>\n<\/div>\n<\/div>\n<\/div>\n<\/div>\n<div class=\"mt-1 flex gap-3 empty:hidden juice:-ml-3\">\n<div class=\"items-center justify-start rounded-xl p-1 flex\">\n<div class=\"flex items-center\">\n<div class=\"flex items-center pb-0.5 juice:pb-0\"><\/div>\n<\/div>\n<\/div>\n<\/div>\n<\/div>\n<\/div>\n<\/section>\n<footer><\/footer>\n<p>[\/et_pb_accordion_item][et_pb_accordion_item title=\u00a0\u00bbDisponibilit\u00e9 des vid\u00e9os \u00e0 la demande\u00a0\u00bb _builder_version=\u00a0\u00bb4.27.4&Prime; _module_preset=\u00a0\u00bbdefault\u00a0\u00bb global_colors_info=\u00a0\u00bb{}\u00a0\u00bb open=\u00a0\u00bboff\u00a0\u00bb]<\/p>\n<p data-start=\"234\" data-end=\"540\">Die Videos on Demand werden direkt nach dem Ende des Livestreams als vollst\u00e4ndige Aufzeichnung vorl\u00e4ufig zur Verf\u00fcgung stehen.<br data-start=\"360\" data-end=\"363\">Die einzelnen Beitr\u00e4ge \u2013 insbesondere jene der Wahlbl\u00f6cke, werden nach Abschluss des Kongresses geschnitten und bearbeitet und anschliessend auf der Plattform ver\u00f6ffentlicht.<\/p>\n<p data-start=\"542\" data-end=\"622\">D\u00e8s que les vid\u00e9os trait\u00e9es seront disponibles, vous serez inform\u00e9 par e-mail.<\/p>\n<p>[\/et_pb_accordion_item][\/et_pb_accordion][\/et_pb_column][\/et_pb_row][\/et_pb_section]<\/p>\n","protected":false},"excerpt":{"rendered":"<p>Aide et informationsLes pr\u00e9sentations et documents disponibles sur la plateforme On-Demand sont exclusivement destin\u00e9s \u00e0 votre usage personnel en tant que participant(e). Toute transmission \u00e0 des tiers ainsi que toute publication (par exemple sur des sites web ou sur les r\u00e9seaux sociaux) sont interdites.Pour la participation \u00e0 ce congr\u00e8s sp\u00e9cialis\u00e9, vous recevrez : SSP (Soci\u00e9t\u00e9 [&hellip;]<\/p>\n","protected":false},"author":2,"featured_media":0,"parent":0,"menu_order":0,"comment_status":"closed","ping_status":"closed","template":"","meta":{"_et_pb_use_builder":"on","_et_pb_old_content":"","_et_gb_content_width":"","footnotes":""},"difl_page_category":[],"class_list":["post-171","page","type-page","status-publish","hentry"],"_hostinger_reach_plugin_has_subscription_block":false,"_hostinger_reach_plugin_is_elementor":false,"_links":{"self":[{"href":"https:\/\/virtual.autismuskongress-schweiz.ch\/fr\/wp-json\/wp\/v2\/pages\/171","targetHints":{"allow":["GET"]}}],"collection":[{"href":"https:\/\/virtual.autismuskongress-schweiz.ch\/fr\/wp-json\/wp\/v2\/pages"}],"about":[{"href":"https:\/\/virtual.autismuskongress-schweiz.ch\/fr\/wp-json\/wp\/v2\/types\/page"}],"author":[{"embeddable":true,"href":"https:\/\/virtual.autismuskongress-schweiz.ch\/fr\/wp-json\/wp\/v2\/users\/2"}],"replies":[{"embeddable":true,"href":"https:\/\/virtual.autismuskongress-schweiz.ch\/fr\/wp-json\/wp\/v2\/comments?post=171"}],"version-history":[{"count":7,"href":"https:\/\/virtual.autismuskongress-schweiz.ch\/fr\/wp-json\/wp\/v2\/pages\/171\/revisions"}],"predecessor-version":[{"id":922,"href":"https:\/\/virtual.autismuskongress-schweiz.ch\/fr\/wp-json\/wp\/v2\/pages\/171\/revisions\/922"}],"wp:attachment":[{"href":"https:\/\/virtual.autismuskongress-schweiz.ch\/fr\/wp-json\/wp\/v2\/media?parent=171"}],"wp:term":[{"taxonomy":"difl_page_category","embeddable":true,"href":"https:\/\/virtual.autismuskongress-schweiz.ch\/fr\/wp-json\/wp\/v2\/difl_page_category?post=171"}],"curies":[{"name":"wp","href":"https:\/\/api.w.org\/{rel}","templated":true}]}}